{"id":548,"date":"2025-07-09T11:19:53","date_gmt":"2025-07-09T11:19:53","guid":{"rendered":"https:\/\/accumallorca.org\/?page_id=548"},"modified":"2025-07-09T11:19:55","modified_gmt":"2025-07-09T11:19:55","slug":"proyecto-retar","status":"publish","type":"page","link":"https:\/\/accumallorca.org\/index.php\/proyecto-retar\/","title":{"rendered":"Proyecto RETAR"},"content":{"rendered":"\n<figure class=\"wp-block-image size-full is-resized\"><img fetchpriority=\"high\" decoding=\"async\" width=\"569\" height=\"232\" src=\"https:\/\/accumallorca.org\/wp-content\/uploads\/2025\/07\/Sin-titulo-e1751955414808.jpg\" alt=\"\" class=\"wp-image-549\" style=\"width:557px;height:auto\" srcset=\"https:\/\/accumallorca.org\/wp-content\/uploads\/2025\/07\/Sin-titulo-e1751955414808.jpg 569w, https:\/\/accumallorca.org\/wp-content\/uploads\/2025\/07\/Sin-titulo-e1751955414808-300x122.jpg 300w\" sizes=\"(max-width: 569px) 100vw, 569px\" \/><\/figure>\n\n\n\n<h2 class=\"wp-block-heading\">Proyecto RETAR: Redefinir y Transformar la Atenci\u00f3n en la EII<\/h2>\n\n\n\n<p>El 7 de julio de 2025, ACCU Espa\u00f1a present\u00f3 en el Congreso de los Diputados el proyecto <strong>RETAR<\/strong>, una propuesta innovadora para mejorar la atenci\u00f3n sanitaria de las personas que viven con <strong>Enfermedad Inflamatoria Intestinal (EII)<\/strong>, como la colitis ulcerosa o la enfermedad de Crohn. Esta iniciativa re\u00fane a pacientes, profesionales y gestores de salud para impulsar un nuevo modelo centrado en la experiencia del paciente.<\/p>\n\n\n\n<h3 class=\"wp-block-heading\">\u00bfQu\u00e9 propone el Proyecto RETAR?<\/h3>\n\n\n\n<p>RETAR identifica <strong>19 necesidades no cubiertas<\/strong> y propone <strong>15 soluciones concretas<\/strong> para transformar el abordaje de la EII en Espa\u00f1a. Estas son algunas claves del proyecto:<\/p>\n\n\n\n<ul class=\"wp-block-list\">\n<li><strong>Diagn\u00f3stico precoz<\/strong>: acceso m\u00e1s r\u00e1pido a pruebas clave como la calprotectina en Atenci\u00f3n Primaria.<\/li>\n\n\n\n<li><strong>Atenci\u00f3n personalizada<\/strong>: adaptar tratamientos y seguimientos seg\u00fan la experiencia individual del paciente.<\/li>\n\n\n\n<li><strong>Apoyo integral<\/strong>: incluir psic\u00f3logos, dietistas, enfermer\u00eda avanzada y farmac\u00e9uticos cl\u00ednicos en el seguimiento.<\/li>\n\n\n\n<li><strong>Telemedicina y acompa\u00f1amiento<\/strong>: facilitar la conciliaci\u00f3n con la vida laboral y personal.<\/li>\n<\/ul>\n\n\n\n<h3 class=\"wp-block-heading\">\u00bfQui\u00e9n impulsa RETAR?<\/h3>\n\n\n\n<p>El proyecto est\u00e1 liderado por la <strong>Universitat Internacional de Catalunya<\/strong> con el apoyo de <strong>ACCU Espa\u00f1a<\/strong>, y cuenta con la participaci\u00f3n de expertos m\u00e9dicos y asociaciones profesionales como GETECCU, SEMERGEN, SEFH o SEDISA. Tambi\u00e9n ha contado con el respaldo de <strong>AbbVie<\/strong> como colaborador t\u00e9cnico.<\/p>\n\n\n\n<h3 class=\"wp-block-heading\">Un modelo con impacto social y econ\u00f3mico<\/h3>\n\n\n\n<p>RETAR no solo mejora la calidad de vida de los pacientes, sino que tambi\u00e9n demuestra un potencial ahorro econ\u00f3mico significativo para el sistema sanitario. Por ejemplo, se estima que una mejor gesti\u00f3n de casos y pruebas en primaria puede evitar miles de urgencias y bajas laborales.<\/p>\n\n\n\n<h3 class=\"wp-block-heading\">Presentaci\u00f3n en el Congreso de los Diputados<\/h3>\n\n\n\n<p>El proyecto fue presentado el 7 de julio de 2025 en el Congreso de los Diputados con la intervenci\u00f3n de pacientes, m\u00e9dicos y portavoces institucionales. Se busca ahora que el modelo RETAR sirva como base para pol\u00edticas p\u00fablicas que integren una atenci\u00f3n humana, personalizada y multidisciplinar.<\/p>\n\n\n\n<p><\/p>\n","protected":false},"excerpt":{"rendered":"<p>Proyecto RETAR: Redefinir y Transformar la Atenci\u00f3n en la EII El 7 de julio de 2025, ACCU Espa\u00f1a present\u00f3 en el Congreso de los Diputados el proyecto RETAR, una propuesta&#8230;<\/p>\n<div class='heateorSssClear'><\/div><div  class='heateor_sss_sharing_container heateor_sss_horizontal_sharing' data-heateor-sss-href='https:\/\/accumallorca.org\/index.php\/proyecto-retar\/'><div class='heateor_sss_sharing_title' style=\"font-weight:bold\" >Compartelo en tus redes sociales<\/div><div class=\"heateor_sss_sharing_ul\"><a aria-label=\"Facebook\" class=\"heateor_sss_facebook\" href=\"https:\/\/www.facebook.com\/sharer\/sharer.php?u=https%3A%2F%2Faccumallorca.org%2Findex.php%2Fproyecto-retar%2F\" title=\"Facebook\" rel=\"nofollow noopener\" target=\"_blank\" style=\"font-size:32px!important;box-shadow:none;display:inline-block;vertical-align:middle\"><span class=\"heateor_sss_svg\" style=\"background-color:#0765FE;width:35px;height:35px;border-radius:999px;display:inline-block;opacity:1;float:left;font-size:32px;box-shadow:none;display:inline-block;font-size:16px;padding:0 4px;vertical-align:middle;background-repeat:repeat;overflow:hidden;padding:0;cursor:pointer;box-sizing:content-box\"><svg style=\"display:block;border-radius:999px;\" focusable=\"false\" aria-hidden=\"true\" xmlns=\"http:\/\/www.w3.org\/2000\/svg\" width=\"100%\" height=\"100%\" viewBox=\"0 0 32 32\"><path fill=\"#fff\" d=\"M28 16c0-6.627-5.373-12-12-12S4 9.373 4 16c0 5.628 3.875 10.35 9.101 11.647v-7.98h-2.474V16H13.1v-1.58c0-4.085 1.849-5.978 5.859-5.978.76 0 2.072.15 2.608.298v3.325c-.283-.03-.775-.045-1.386-.045-1.967 0-2.728.745-2.728 2.683V16h3.92l-.673 3.667h-3.247v8.245C23.395 27.195 28 22.135 28 16Z\"><\/path><\/svg><\/span><\/a><a aria-label=\"X\" class=\"heateor_sss_button_x\" href=\"https:\/\/twitter.com\/intent\/tweet?text=Proyecto%20RETAR&url=https%3A%2F%2Faccumallorca.org%2Findex.php%2Fproyecto-retar%2F\" title=\"X\" rel=\"nofollow noopener\" target=\"_blank\" style=\"font-size:32px!important;box-shadow:none;display:inline-block;vertical-align:middle\"><span class=\"heateor_sss_svg heateor_sss_s__default heateor_sss_s_x\" style=\"background-color:#2a2a2a;width:35px;height:35px;border-radius:999px;display:inline-block;opacity:1;float:left;font-size:32px;box-shadow:none;display:inline-block;font-size:16px;padding:0 4px;vertical-align:middle;background-repeat:repeat;overflow:hidden;padding:0;cursor:pointer;box-sizing:content-box\"><svg width=\"100%\" height=\"100%\" style=\"display:block;border-radius:999px;\" focusable=\"false\" aria-hidden=\"true\" xmlns=\"http:\/\/www.w3.org\/2000\/svg\" viewBox=\"0 0 32 32\"><path fill=\"#fff\" d=\"M21.751 7h3.067l-6.7 7.658L26 25.078h-6.172l-4.833-6.32-5.531 6.32h-3.07l7.167-8.19L6 7h6.328l4.37 5.777L21.75 7Zm-1.076 16.242h1.7L11.404 8.74H9.58l11.094 14.503Z\"><\/path><\/svg><\/span><\/a><a aria-label=\"Linkedin\" class=\"heateor_sss_button_linkedin\" href=\"https:\/\/www.linkedin.com\/sharing\/share-offsite\/?url=https%3A%2F%2Faccumallorca.org%2Findex.php%2Fproyecto-retar%2F\" title=\"Linkedin\" rel=\"nofollow noopener\" target=\"_blank\" style=\"font-size:32px!important;box-shadow:none;display:inline-block;vertical-align:middle\"><span class=\"heateor_sss_svg heateor_sss_s__default heateor_sss_s_linkedin\" style=\"background-color:#0077b5;width:35px;height:35px;border-radius:999px;display:inline-block;opacity:1;float:left;font-size:32px;box-shadow:none;display:inline-block;font-size:16px;padding:0 4px;vertical-align:middle;background-repeat:repeat;overflow:hidden;padding:0;cursor:pointer;box-sizing:content-box\"><svg style=\"display:block;border-radius:999px;\" focusable=\"false\" aria-hidden=\"true\" xmlns=\"http:\/\/www.w3.org\/2000\/svg\" width=\"100%\" height=\"100%\" viewBox=\"0 0 32 32\"><path d=\"M6.227 12.61h4.19v13.48h-4.19V12.61zm2.095-6.7a2.43 2.43 0 0 1 0 4.86c-1.344 0-2.428-1.09-2.428-2.43s1.084-2.43 2.428-2.43m4.72 6.7h4.02v1.84h.058c.56-1.058 1.927-2.176 3.965-2.176 4.238 0 5.02 2.792 5.02 6.42v7.395h-4.183v-6.56c0-1.564-.03-3.574-2.178-3.574-2.18 0-2.514 1.7-2.514 3.46v6.668h-4.187V12.61z\" fill=\"#fff\"><\/path><\/svg><\/span><\/a><a aria-label=\"Whatsapp\" class=\"heateor_sss_whatsapp\" href=\"https:\/\/api.whatsapp.com\/send?text=Proyecto%20RETAR%20https%3A%2F%2Faccumallorca.org%2Findex.php%2Fproyecto-retar%2F\" title=\"Whatsapp\" rel=\"nofollow noopener\" target=\"_blank\" style=\"font-size:32px!important;box-shadow:none;display:inline-block;vertical-align:middle\"><span class=\"heateor_sss_svg\" style=\"background-color:#55eb4c;width:35px;height:35px;border-radius:999px;display:inline-block;opacity:1;float:left;font-size:32px;box-shadow:none;display:inline-block;font-size:16px;padding:0 4px;vertical-align:middle;background-repeat:repeat;overflow:hidden;padding:0;cursor:pointer;box-sizing:content-box\"><svg style=\"display:block;border-radius:999px;\" focusable=\"false\" aria-hidden=\"true\" xmlns=\"http:\/\/www.w3.org\/2000\/svg\" width=\"100%\" height=\"100%\" viewBox=\"-6 -5 40 40\"><path class=\"heateor_sss_svg_stroke heateor_sss_no_fill\" stroke=\"#fff\" stroke-width=\"2\" fill=\"none\" d=\"M 11.579798566743314 24.396926207859085 A 10 10 0 1 0 6.808479557110079 20.73576436351046\"><\/path><path d=\"M 7 19 l -1 6 l 6 -1\" class=\"heateor_sss_no_fill heateor_sss_svg_stroke\" stroke=\"#fff\" stroke-width=\"2\" fill=\"none\"><\/path><path d=\"M 10 10 q -1 8 8 11 c 5 -1 0 -6 -1 -3 q -4 -3 -5 -5 c 4 -2 -1 -5 -1 -4\" fill=\"#fff\"><\/path><\/svg><\/span><\/a><a aria-label=\"Instagram\" class=\"heateor_sss_button_instagram\" href=\"https:\/\/www.instagram.com\/\" title=\"Instagram\" rel=\"nofollow noopener\" target=\"_blank\" style=\"font-size:32px!important;box-shadow:none;display:inline-block;vertical-align:middle\"><span class=\"heateor_sss_svg\" style=\"background-color:#53beee;width:35px;height:35px;border-radius:999px;display:inline-block;opacity:1;float:left;font-size:32px;box-shadow:none;display:inline-block;font-size:16px;padding:0 4px;vertical-align:middle;background-repeat:repeat;overflow:hidden;padding:0;cursor:pointer;box-sizing:content-box\"><svg style=\"display:block;border-radius:999px;\" version=\"1.1\" viewBox=\"-10 -10 148 148\" width=\"100%\" height=\"100%\" xml:space=\"preserve\" xmlns=\"http:\/\/www.w3.org\/2000\/svg\" xmlns:xlink=\"http:\/\/www.w3.org\/1999\/xlink\"><g><g><path d=\"M86,112H42c-14.336,0-26-11.663-26-26V42c0-14.337,11.664-26,26-26h44c14.337,0,26,11.663,26,26v44 C112,100.337,100.337,112,86,112z M42,24c-9.925,0-18,8.074-18,18v44c0,9.925,8.075,18,18,18h44c9.926,0,18-8.075,18-18V42 c0-9.926-8.074-18-18-18H42z\" fill=\"#fff\"><\/path><\/g><g><path d=\"M64,88c-13.234,0-24-10.767-24-24c0-13.234,10.766-24,24-24s24,10.766,24,24C88,77.233,77.234,88,64,88z M64,48c-8.822,0-16,7.178-16,16s7.178,16,16,16c8.822,0,16-7.178,16-16S72.822,48,64,48z\" fill=\"#fff\"><\/path><\/g><g><circle cx=\"89.5\" cy=\"38.5\" fill=\"#fff\" r=\"5.5\"><\/circle><\/g><\/g><\/svg><\/span><\/a><a aria-label=\"Telegram\" class=\"heateor_sss_button_telegram\" href=\"https:\/\/telegram.me\/share\/url?url=https%3A%2F%2Faccumallorca.org%2Findex.php%2Fproyecto-retar%2F&text=Proyecto%20RETAR\" title=\"Telegram\" rel=\"nofollow noopener\" target=\"_blank\" style=\"font-size:32px!important;box-shadow:none;display:inline-block;vertical-align:middle\"><span class=\"heateor_sss_svg heateor_sss_s__default heateor_sss_s_telegram\" style=\"background-color:#3da5f1;width:35px;height:35px;border-radius:999px;display:inline-block;opacity:1;float:left;font-size:32px;box-shadow:none;display:inline-block;font-size:16px;padding:0 4px;vertical-align:middle;background-repeat:repeat;overflow:hidden;padding:0;cursor:pointer;box-sizing:content-box\"><svg style=\"display:block;border-radius:999px;\" focusable=\"false\" aria-hidden=\"true\" xmlns=\"http:\/\/www.w3.org\/2000\/svg\" width=\"100%\" height=\"100%\" viewBox=\"0 0 32 32\"><path fill=\"#fff\" d=\"M25.515 6.896L6.027 14.41c-1.33.534-1.322 1.276-.243 1.606l5 1.56 1.72 5.66c.226.625.115.873.77.873.506 0 .73-.235 1.012-.51l2.43-2.363 5.056 3.734c.93.514 1.602.25 1.834-.863l3.32-15.638c.338-1.363-.52-1.98-1.41-1.577z\"><\/path><\/svg><\/span><\/a><\/div><div class=\"heateorSssClear\"><\/div><\/div><div class='heateorSssClear'><\/div>","protected":false},"author":8,"featured_media":0,"parent":0,"menu_order":0,"comment_status":"closed","ping_status":"closed","template":"","meta":{"_EventAllDay":false,"_EventTimezone":"","_EventStartDate":"","_EventEndDate":"","_EventStartDateUTC":"","_EventEndDateUTC":"","_EventShowMap":false,"_EventShowMapLink":false,"_EventURL":"","_EventCost":"","_EventCostDescription":"","_EventCurrencySymbol":"","_EventCurrencyCode":"","_EventCurrencyPosition":"","_EventDateTimeSeparator":"","_EventTimeRangeSeparator":"","_EventOrganizerID":[],"_EventVenueID":[],"_OrganizerEmail":"","_OrganizerPhone":"","_OrganizerWebsite":"","_VenueAddress":"","_VenueCity":"","_VenueCountry":"","_VenueProvince":"","_VenueState":"","_VenueZip":"","_VenuePhone":"","_VenueURL":"","_VenueStateProvince":"","_VenueLat":"","_VenueLng":"","_VenueShowMap":false,"_VenueShowMapLink":false,"_kad_post_transparent":"","_kad_post_title":"","_kad_post_layout":"","_kad_post_sidebar_id":"","_kad_post_content_style":"","_kad_post_vertical_padding":"","_kad_post_feature":"","_kad_post_feature_position":"","_kad_post_header":false,"_kad_post_footer":false,"_kad_post_classname":"","footnotes":""},"class_list":["post-548","page","type-page","status-publish","hentry"],"yoast_head":"<!-- This site is optimized with the Yoast SEO plugin v27.4 - https:\/\/yoast.com\/product\/yoast-seo-wordpress\/ -->\n<title>Proyecto RETAR - ACCU Mallorca<\/title>\n<meta name=\"description\" content=\"El proyecto RETAR tiene como objetivo redefinir y transformar la atenci\u00f3n de los pacientes con Enfermedad Inflamatoria Intestinal (EII)\" \/>\n<meta name=\"robots\" content=\"index, follow, max-snippet:-1, max-image-preview:large, max-video-preview:-1\" \/>\n<link rel=\"canonical\" href=\"https:\/\/accumallorca.org\/index.php\/proyecto-retar\/\" \/>\n<meta property=\"og:locale\" content=\"es_ES\" \/>\n<meta property=\"og:type\" content=\"article\" \/>\n<meta property=\"og:title\" content=\"Proyecto RETAR - ACCU Mallorca\" \/>\n<meta property=\"og:description\" content=\"El proyecto RETAR tiene como objetivo redefinir y transformar la atenci\u00f3n de los pacientes con Enfermedad Inflamatoria Intestinal (EII)\" \/>\n<meta property=\"og:url\" content=\"https:\/\/accumallorca.org\/index.php\/proyecto-retar\/\" \/>\n<meta property=\"og:site_name\" content=\"ACCU Mallorca\" \/>\n<meta property=\"article:publisher\" content=\"https:\/\/www.facebook.com\/profile.php?id=100089161805064&amp;comment_id=Y29tbWVudDo1NzU2ODAyNDY0NDQxMzgzXzkwOTQ5NjMxNjkyOTI0NQ&amp;locale=es_ES\" \/>\n<meta property=\"article:modified_time\" content=\"2025-07-09T11:19:55+00:00\" \/>\n<meta property=\"og:image\" content=\"https:\/\/accumallorca.org\/wp-content\/uploads\/2025\/07\/Sin-titulo-e1751955414808.jpg\" \/>\n\t<meta property=\"og:image:width\" content=\"569\" \/>\n\t<meta property=\"og:image:height\" content=\"232\" \/>\n\t<meta property=\"og:image:type\" content=\"image\/jpeg\" \/>\n<meta name=\"twitter:card\" content=\"summary_large_image\" \/>\n<meta name=\"twitter:label1\" content=\"Tiempo de lectura\" \/>\n\t<meta name=\"twitter:data1\" content=\"2 minutos\" \/>\n<script type=\"application\/ld+json\" class=\"yoast-schema-graph\">{\"@context\":\"https:\\\/\\\/schema.org\",\"@graph\":[{\"@type\":\"WebPage\",\"@id\":\"https:\\\/\\\/accumallorca.org\\\/index.php\\\/proyecto-retar\\\/\",\"url\":\"https:\\\/\\\/accumallorca.org\\\/index.php\\\/proyecto-retar\\\/\",\"name\":\"Proyecto RETAR - ACCU Mallorca\",\"isPartOf\":{\"@id\":\"https:\\\/\\\/accumallorca.org\\\/#website\"},\"primaryImageOfPage\":{\"@id\":\"https:\\\/\\\/accumallorca.org\\\/index.php\\\/proyecto-retar\\\/#primaryimage\"},\"image\":{\"@id\":\"https:\\\/\\\/accumallorca.org\\\/index.php\\\/proyecto-retar\\\/#primaryimage\"},\"thumbnailUrl\":\"https:\\\/\\\/accumallorca.org\\\/wp-content\\\/uploads\\\/2025\\\/07\\\/Sin-titulo-e1751955414808.jpg\",\"datePublished\":\"2025-07-09T11:19:53+00:00\",\"dateModified\":\"2025-07-09T11:19:55+00:00\",\"description\":\"El proyecto RETAR tiene como objetivo redefinir y transformar la atenci\u00f3n de los pacientes con Enfermedad Inflamatoria Intestinal (EII)\",\"breadcrumb\":{\"@id\":\"https:\\\/\\\/accumallorca.org\\\/index.php\\\/proyecto-retar\\\/#breadcrumb\"},\"inLanguage\":\"es\",\"potentialAction\":[{\"@type\":\"ReadAction\",\"target\":[\"https:\\\/\\\/accumallorca.org\\\/index.php\\\/proyecto-retar\\\/\"]}]},{\"@type\":\"ImageObject\",\"inLanguage\":\"es\",\"@id\":\"https:\\\/\\\/accumallorca.org\\\/index.php\\\/proyecto-retar\\\/#primaryimage\",\"url\":\"https:\\\/\\\/accumallorca.org\\\/wp-content\\\/uploads\\\/2025\\\/07\\\/Sin-titulo-e1751955414808.jpg\",\"contentUrl\":\"https:\\\/\\\/accumallorca.org\\\/wp-content\\\/uploads\\\/2025\\\/07\\\/Sin-titulo-e1751955414808.jpg\",\"width\":569,\"height\":232},{\"@type\":\"BreadcrumbList\",\"@id\":\"https:\\\/\\\/accumallorca.org\\\/index.php\\\/proyecto-retar\\\/#breadcrumb\",\"itemListElement\":[{\"@type\":\"ListItem\",\"position\":1,\"name\":\"Portada\",\"item\":\"https:\\\/\\\/accumallorca.org\\\/\"},{\"@type\":\"ListItem\",\"position\":2,\"name\":\"Proyecto RETAR\"}]},{\"@type\":\"WebSite\",\"@id\":\"https:\\\/\\\/accumallorca.org\\\/#website\",\"url\":\"https:\\\/\\\/accumallorca.org\\\/\",\"name\":\"ACCU Mallorca\",\"description\":\"Enfermos de EII\",\"publisher\":{\"@id\":\"https:\\\/\\\/accumallorca.org\\\/#organization\"},\"potentialAction\":[{\"@type\":\"SearchAction\",\"target\":{\"@type\":\"EntryPoint\",\"urlTemplate\":\"https:\\\/\\\/accumallorca.org\\\/?s={search_term_string}\"},\"query-input\":{\"@type\":\"PropertyValueSpecification\",\"valueRequired\":true,\"valueName\":\"search_term_string\"}}],\"inLanguage\":\"es\"},{\"@type\":\"Organization\",\"@id\":\"https:\\\/\\\/accumallorca.org\\\/#organization\",\"name\":\"ACCU Mallorca\",\"url\":\"https:\\\/\\\/accumallorca.org\\\/\",\"logo\":{\"@type\":\"ImageObject\",\"inLanguage\":\"es\",\"@id\":\"https:\\\/\\\/accumallorca.org\\\/#\\\/schema\\\/logo\\\/image\\\/\",\"url\":\"https:\\\/\\\/accumallorca.org\\\/wp-content\\\/uploads\\\/2024\\\/06\\\/cropped-Logo-suspendido-2.png\",\"contentUrl\":\"https:\\\/\\\/accumallorca.org\\\/wp-content\\\/uploads\\\/2024\\\/06\\\/cropped-Logo-suspendido-2.png\",\"width\":160,\"height\":160,\"caption\":\"ACCU Mallorca\"},\"image\":{\"@id\":\"https:\\\/\\\/accumallorca.org\\\/#\\\/schema\\\/logo\\\/image\\\/\"},\"sameAs\":[\"https:\\\/\\\/www.facebook.com\\\/profile.php?id=100089161805064&comment_id=Y29tbWVudDo1NzU2ODAyNDY0NDQxMzgzXzkwOTQ5NjMxNjkyOTI0NQ&locale=es_ES\"]}]}<\/script>\n<!-- \/ Yoast SEO plugin. -->","yoast_head_json":{"title":"Proyecto RETAR - ACCU Mallorca","description":"El proyecto RETAR tiene como objetivo redefinir y transformar la atenci\u00f3n de los pacientes con Enfermedad Inflamatoria Intestinal (EII)","robots":{"index":"index","follow":"follow","max-snippet":"max-snippet:-1","max-image-preview":"max-image-preview:large","max-video-preview":"max-video-preview:-1"},"canonical":"https:\/\/accumallorca.org\/index.php\/proyecto-retar\/","og_locale":"es_ES","og_type":"article","og_title":"Proyecto RETAR - ACCU Mallorca","og_description":"El proyecto RETAR tiene como objetivo redefinir y transformar la atenci\u00f3n de los pacientes con Enfermedad Inflamatoria Intestinal (EII)","og_url":"https:\/\/accumallorca.org\/index.php\/proyecto-retar\/","og_site_name":"ACCU Mallorca","article_publisher":"https:\/\/www.facebook.com\/profile.php?id=100089161805064&comment_id=Y29tbWVudDo1NzU2ODAyNDY0NDQxMzgzXzkwOTQ5NjMxNjkyOTI0NQ&locale=es_ES","article_modified_time":"2025-07-09T11:19:55+00:00","og_image":[{"width":569,"height":232,"url":"https:\/\/accumallorca.org\/wp-content\/uploads\/2025\/07\/Sin-titulo-e1751955414808.jpg","type":"image\/jpeg"}],"twitter_card":"summary_large_image","twitter_misc":{"Tiempo de lectura":"2 minutos"},"schema":{"@context":"https:\/\/schema.org","@graph":[{"@type":"WebPage","@id":"https:\/\/accumallorca.org\/index.php\/proyecto-retar\/","url":"https:\/\/accumallorca.org\/index.php\/proyecto-retar\/","name":"Proyecto RETAR - ACCU Mallorca","isPartOf":{"@id":"https:\/\/accumallorca.org\/#website"},"primaryImageOfPage":{"@id":"https:\/\/accumallorca.org\/index.php\/proyecto-retar\/#primaryimage"},"image":{"@id":"https:\/\/accumallorca.org\/index.php\/proyecto-retar\/#primaryimage"},"thumbnailUrl":"https:\/\/accumallorca.org\/wp-content\/uploads\/2025\/07\/Sin-titulo-e1751955414808.jpg","datePublished":"2025-07-09T11:19:53+00:00","dateModified":"2025-07-09T11:19:55+00:00","description":"El proyecto RETAR tiene como objetivo redefinir y transformar la atenci\u00f3n de los pacientes con Enfermedad Inflamatoria Intestinal (EII)","breadcrumb":{"@id":"https:\/\/accumallorca.org\/index.php\/proyecto-retar\/#breadcrumb"},"inLanguage":"es","potentialAction":[{"@type":"ReadAction","target":["https:\/\/accumallorca.org\/index.php\/proyecto-retar\/"]}]},{"@type":"ImageObject","inLanguage":"es","@id":"https:\/\/accumallorca.org\/index.php\/proyecto-retar\/#primaryimage","url":"https:\/\/accumallorca.org\/wp-content\/uploads\/2025\/07\/Sin-titulo-e1751955414808.jpg","contentUrl":"https:\/\/accumallorca.org\/wp-content\/uploads\/2025\/07\/Sin-titulo-e1751955414808.jpg","width":569,"height":232},{"@type":"BreadcrumbList","@id":"https:\/\/accumallorca.org\/index.php\/proyecto-retar\/#breadcrumb","itemListElement":[{"@type":"ListItem","position":1,"name":"Portada","item":"https:\/\/accumallorca.org\/"},{"@type":"ListItem","position":2,"name":"Proyecto RETAR"}]},{"@type":"WebSite","@id":"https:\/\/accumallorca.org\/#website","url":"https:\/\/accumallorca.org\/","name":"ACCU Mallorca","description":"Enfermos de EII","publisher":{"@id":"https:\/\/accumallorca.org\/#organization"},"potentialAction":[{"@type":"SearchAction","target":{"@type":"EntryPoint","urlTemplate":"https:\/\/accumallorca.org\/?s={search_term_string}"},"query-input":{"@type":"PropertyValueSpecification","valueRequired":true,"valueName":"search_term_string"}}],"inLanguage":"es"},{"@type":"Organization","@id":"https:\/\/accumallorca.org\/#organization","name":"ACCU Mallorca","url":"https:\/\/accumallorca.org\/","logo":{"@type":"ImageObject","inLanguage":"es","@id":"https:\/\/accumallorca.org\/#\/schema\/logo\/image\/","url":"https:\/\/accumallorca.org\/wp-content\/uploads\/2024\/06\/cropped-Logo-suspendido-2.png","contentUrl":"https:\/\/accumallorca.org\/wp-content\/uploads\/2024\/06\/cropped-Logo-suspendido-2.png","width":160,"height":160,"caption":"ACCU Mallorca"},"image":{"@id":"https:\/\/accumallorca.org\/#\/schema\/logo\/image\/"},"sameAs":["https:\/\/www.facebook.com\/profile.php?id=100089161805064&comment_id=Y29tbWVudDo1NzU2ODAyNDY0NDQxMzgzXzkwOTQ5NjMxNjkyOTI0NQ&locale=es_ES"]}]}},"_links":{"self":[{"href":"https:\/\/accumallorca.org\/index.php\/wp-json\/wp\/v2\/pages\/548","targetHints":{"allow":["GET"]}}],"collection":[{"href":"https:\/\/accumallorca.org\/index.php\/wp-json\/wp\/v2\/pages"}],"about":[{"href":"https:\/\/accumallorca.org\/index.php\/wp-json\/wp\/v2\/types\/page"}],"author":[{"embeddable":true,"href":"https:\/\/accumallorca.org\/index.php\/wp-json\/wp\/v2\/users\/8"}],"replies":[{"embeddable":true,"href":"https:\/\/accumallorca.org\/index.php\/wp-json\/wp\/v2\/comments?post=548"}],"version-history":[{"count":2,"href":"https:\/\/accumallorca.org\/index.php\/wp-json\/wp\/v2\/pages\/548\/revisions"}],"predecessor-version":[{"id":560,"href":"https:\/\/accumallorca.org\/index.php\/wp-json\/wp\/v2\/pages\/548\/revisions\/560"}],"wp:attachment":[{"href":"https:\/\/accumallorca.org\/index.php\/wp-json\/wp\/v2\/media?parent=548"}],"curies":[{"name":"wp","href":"https:\/\/api.w.org\/{rel}","templated":true}]}}